{"id":3318,"date":"2021-03-03T13:10:21","date_gmt":"2021-03-03T12:10:21","guid":{"rendered":"https:\/\/leo-foundation.org\/da\/?page_id=3318"},"modified":"2023-12-13T10:51:16","modified_gmt":"2023-12-13T09:51:16","slug":"whistleblower","status":"publish","type":"page","link":"https:\/\/leo-foundation.org\/da\/whistleblower\/","title":{"rendered":"Whistleblower"},"content":{"rendered":"\n<div style=\"height:100px\" aria-hidden=\"true\" class=\"wp-block-spacer\"><\/div>\n\n\n\n<div class=\"wp-block-group alignfull is-style-pattern-leo-center has-primary-snow-background-color has-background\"><div class=\"wp-block-group__inner-container is-layout-flow wp-block-group-is-layout-flow\">\n<h1 class=\"wp-block-heading\">Whistleblower<\/h1>\n\n\n\n<div style=\"height:76px\" aria-hidden=\"true\" class=\"wp-block-spacer\"><\/div>\n\n\n\n<div class=\"wp-block-group is-style-pattern-leo-top-bottom\"><div class=\"wp-block-group__inner-container is-layout-flow wp-block-group-is-layout-flow\">\n<div class=\"wp-block-columns is-layout-flex wp-container-core-columns-is-layout-9d6595d7 wp-block-columns-is-layout-flex\">\n<div class=\"wp-block-column is-layout-flow wp-block-column-is-layout-flow\"><div class=\"text-cols text-cols-columns-1 text-cols align\" data-block_3abdeddfd2b3bd2fef1d750aa8f82c3b>\n  \n\n<p>I LEO Fondet l\u00e6gger vi v\u00e6gt p\u00e5 integritet, og det er vigtigt for os at v\u00e6re en transparent og ansvarlig akt\u00f8r i alt, hvad vi g\u00f8r.<\/p>\n\n\n\n<p>Vi har etableret en whistleblower-ordning for at give en sikker og anonym mulighed for at g\u00f8re opm\u00e6rksom p\u00e5 en mistanke om, at der foreg\u00e5r alvorlige uregelm\u00e6ssigheder eller ulovligheder i LEO Fondet eller i forbindelse med aktiviteter relateret til Fondet.<\/p>\n\n\n\n<p>LEO Fondets whistleblower-hotline er et frivilligt alternativ til andre kommunikationskanaler. Alle skal frit kunne ytre sig, og vi opfordrer medarbejdere, bevillingsans\u00f8gere, bevillingsmodtagere, samarbejdspartnere, forretningspartnere og andre med relation til LEO Fondet om at st\u00e5 frem med deres mistanke.<\/p>\n\n\n\n<p><strong>Hvad kan du indberette?<\/strong><\/p>\n\n\n\n<p>Whistleblower-ordningen kan alene anvendes til at indberette alvorlige overtr\u00e6delser af love, regler, politikker osv. Mindre alvorlige forhold som for eksempel utilfredshed med l\u00f8nforhold, samarbejdsvanskeligheder, afslag p\u00e5 bevillingsans\u00f8gninger osv. kan ikke indberettes via whistleblower-ordningen, men skal formidles til Fondet via de almindelige kanaler.<\/p>\n\n\n\n<p><em>Alle indberetninger omhandlende LEO Pharma A\/S og\/eller dets datterselskaber skal foretages via <a href=\"https:\/\/leo-pharma.com\/contact\/whistleblower-hotline\" target=\"_blank\" rel=\"noreferrer noopener\">LEO Pharmas whistleblower hotline<\/a><\/em><\/p>\n\n\n<\/div>\n\n<style type=\"text\/css\">\n  [data-block_3abdeddfd2b3bd2fef1d750aa8f82c3b] p {\n    column-count: 1;\n    column-gap: 30px;\n  }\n<\/style>\n<\/div>\n\n\n\n<div class=\"wp-block-column is-layout-flow wp-block-column-is-layout-flow\"><div class=\"text-cols text-cols-columns-1 text-cols align\" data-block_3abdeddfd2b3bd2fef1d750aa8f82c3b>\n  \n\n<p><strong>Hvordan indberetter du?<\/strong><\/p>\n\n\n\n<p>Klik p\u00e5 nedenst\u00e5ende link hvis du vil indberette en mistanke om alvorlige uregelm\u00e6ssigheder eller ulovligligheder i LEO Fondet.<\/p>\n\n\n\n<div style=\"height:22px\" aria-hidden=\"true\" class=\"wp-block-spacer\"><\/div>\n\n\n\n<div class=\"wp-block-buttons is-layout-flex wp-block-buttons-is-layout-flex\">\n<div class=\"wp-block-button\"><a class=\"wp-block-button__link has-primary-coal-color has-primary-peach-background-color has-text-color has-background wp-element-button\" href=\"https:\/\/whistleblower.plesner.com\/client\/leo-foundation\" target=\"_blank\" rel=\"noreferrer noopener\">Whistleblower hotline<\/a><\/div>\n<\/div>\n\n\n\n<div style=\"height:36px\" aria-hidden=\"true\" class=\"wp-block-spacer\"><\/div>\n\n\n<\/div>\n\n<style type=\"text\/css\">\n  [data-block_3abdeddfd2b3bd2fef1d750aa8f82c3b] p {\n    column-count: 1;\n    column-gap: 30px;\n  }\n<\/style>\n\n\n<div class=\"text-cols text-cols-columns-1 text-cols align\" data-block_3abdeddfd2b3bd2fef1d750aa8f82c3b>\n  \n\n<p><strong>Politikker<br><\/strong>N\u00e6rmere information om whistleblower-ordningen, herunder hvordan vi h\u00e5ndterer indberetninger samt detaljerede retningslinjer for indberetning, kan findes i retningslinjer for LEO Fondets whistleblower-ordning.<\/p>\n\n\n<\/div>\n\n<style type=\"text\/css\">\n  [data-block_3abdeddfd2b3bd2fef1d750aa8f82c3b] p {\n    column-count: 1;\n    column-gap: 30px;\n  }\n<\/style>\n\n\n\n<div class=\"wp-block-file is-style-leo-style-file-download-no-label\"><a id=\"wp-block-file--media-5d180cdc-d1ea-424b-b548-8d2dab9b77ee\" href=\"https:\/\/leo-foundation.org\/da\/wp-content\/uploads\/2021\/03\/Retningslinjer_whistleblower_09032021.pdf\">Retningslinjer_whistleblower_09032021<\/a><a href=\"https:\/\/leo-foundation.org\/da\/wp-content\/uploads\/2021\/03\/Retningslinjer_whistleblower_09032021.pdf\" class=\"wp-block-file__button wp-element-button\" download aria-describedby=\"wp-block-file--media-5d180cdc-d1ea-424b-b548-8d2dab9b77ee\">Retningslinjer for whistleblower-ordningen<\/a><\/div>\n\n\n<div class=\"text-cols text-cols-columns-1 text-cols align\" data-block_3abdeddfd2b3bd2fef1d750aa8f82c3b>\n  \n\n<p>N\u00e6rmere information omkring h\u00e5ndtering af persondata kan i privatlivspolitik for LEO Fondets whistleblower-ordning.<\/p>\n\n\n\n<div class=\"wp-block-file is-style-leo-style-file-download-no-label\"><a id=\"wp-block-file--media-d91a7e91-236d-4399-8c87-e11aa94f9d68\" href=\"https:\/\/leo-foundation.org\/da\/wp-content\/uploads\/2021\/03\/Privatlivspolitik_Whistleblower_09032021.pdf\">Privatlivspolitik_Whistleblower_09032021<\/a><a href=\"https:\/\/leo-foundation.org\/da\/wp-content\/uploads\/2021\/03\/Privatlivspolitik_Whistleblower_09032021.pdf\" class=\"wp-block-file__button wp-element-button\" download aria-describedby=\"wp-block-file--media-d91a7e91-236d-4399-8c87-e11aa94f9d68\">Privatlivspolitik for whistleblower-ordningen<\/a><\/div>\n\n\n<\/div>\n\n<style type=\"text\/css\">\n  [data-block_3abdeddfd2b3bd2fef1d750aa8f82c3b] p {\n    column-count: 1;\n    column-gap: 30px;\n  }\n<\/style>\n<\/div>\n<\/div>\n<\/div><\/div>\n<\/div><\/div>\n","protected":false},"excerpt":{"rendered":"<p>Whistleblower<\/p>\n","protected":false},"author":4,"featured_media":0,"parent":0,"menu_order":0,"comment_status":"closed","ping_status":"closed","template":"","meta":{"_acf_changed":false,"inline_featured_image":false,"footnotes":""},"class_list":["post-3318","page","type-page","status-publish","hentry"],"acf":[],"yoast_head":"<!-- This site is optimized with the Yoast SEO plugin v27.3 - https:\/\/yoast.com\/product\/yoast-seo-wordpress\/ -->\n<title>Whistleblower - LEO Fondet<\/title>\n<meta name=\"robots\" content=\"index, follow, max-snippet:-1, max-image-preview:large, max-video-preview:-1\" \/>\n<link rel=\"canonical\" href=\"https:\/\/leo-foundation.org\/da\/whistleblower\/\" \/>\n<meta property=\"og:locale\" content=\"da_DK\" \/>\n<meta property=\"og:type\" content=\"article\" \/>\n<meta property=\"og:title\" content=\"Whistleblower - LEO Fondet\" \/>\n<meta property=\"og:description\" content=\"Whistleblower\" \/>\n<meta property=\"og:url\" content=\"https:\/\/leo-foundation.org\/da\/whistleblower\/\" \/>\n<meta property=\"og:site_name\" content=\"LEO Fondet\" \/>\n<meta property=\"article:modified_time\" content=\"2023-12-13T09:51:16+00:00\" \/>\n<meta name=\"twitter:card\" content=\"summary_large_image\" \/>\n<meta name=\"twitter:label1\" content=\"Estimeret l\u00e6setid\" \/>\n\t<meta name=\"twitter:data1\" content=\"2 minutter\" \/>\n<script type=\"application\/ld+json\" class=\"yoast-schema-graph\">{\"@context\":\"https:\\\/\\\/schema.org\",\"@graph\":[{\"@type\":\"WebPage\",\"@id\":\"https:\\\/\\\/leo-foundation.org\\\/da\\\/whistleblower\\\/\",\"url\":\"https:\\\/\\\/leo-foundation.org\\\/da\\\/whistleblower\\\/\",\"name\":\"Whistleblower - LEO Fondet\",\"isPartOf\":{\"@id\":\"https:\\\/\\\/leo-foundation.org\\\/da\\\/#website\"},\"datePublished\":\"2021-03-03T12:10:21+00:00\",\"dateModified\":\"2023-12-13T09:51:16+00:00\",\"breadcrumb\":{\"@id\":\"https:\\\/\\\/leo-foundation.org\\\/da\\\/whistleblower\\\/#breadcrumb\"},\"inLanguage\":\"da-DK\",\"potentialAction\":[{\"@type\":\"ReadAction\",\"target\":[\"https:\\\/\\\/leo-foundation.org\\\/da\\\/whistleblower\\\/\"]}]},{\"@type\":\"BreadcrumbList\",\"@id\":\"https:\\\/\\\/leo-foundation.org\\\/da\\\/whistleblower\\\/#breadcrumb\",\"itemListElement\":[{\"@type\":\"ListItem\",\"position\":1,\"name\":\"Forside\",\"item\":\"https:\\\/\\\/leo-foundation.org\\\/da\\\/\"},{\"@type\":\"ListItem\",\"position\":2,\"name\":\"Whistleblower\"}]},{\"@type\":\"WebSite\",\"@id\":\"https:\\\/\\\/leo-foundation.org\\\/da\\\/#website\",\"url\":\"https:\\\/\\\/leo-foundation.org\\\/da\\\/\",\"name\":\"LEO Fondet\",\"description\":\"Endnu en WordPress-blog\",\"potentialAction\":[{\"@type\":\"SearchAction\",\"target\":{\"@type\":\"EntryPoint\",\"urlTemplate\":\"https:\\\/\\\/leo-foundation.org\\\/da\\\/?s={search_term_string}\"},\"query-input\":{\"@type\":\"PropertyValueSpecification\",\"valueRequired\":true,\"valueName\":\"search_term_string\"}}],\"inLanguage\":\"da-DK\"}]}<\/script>\n<!-- \/ Yoast SEO plugin. -->","yoast_head_json":{"title":"Whistleblower - LEO Fondet","robots":{"index":"index","follow":"follow","max-snippet":"max-snippet:-1","max-image-preview":"max-image-preview:large","max-video-preview":"max-video-preview:-1"},"canonical":"https:\/\/leo-foundation.org\/da\/whistleblower\/","og_locale":"da_DK","og_type":"article","og_title":"Whistleblower - LEO Fondet","og_description":"Whistleblower","og_url":"https:\/\/leo-foundation.org\/da\/whistleblower\/","og_site_name":"LEO Fondet","article_modified_time":"2023-12-13T09:51:16+00:00","twitter_card":"summary_large_image","twitter_misc":{"Estimeret l\u00e6setid":"2 minutter"},"schema":{"@context":"https:\/\/schema.org","@graph":[{"@type":"WebPage","@id":"https:\/\/leo-foundation.org\/da\/whistleblower\/","url":"https:\/\/leo-foundation.org\/da\/whistleblower\/","name":"Whistleblower - LEO Fondet","isPartOf":{"@id":"https:\/\/leo-foundation.org\/da\/#website"},"datePublished":"2021-03-03T12:10:21+00:00","dateModified":"2023-12-13T09:51:16+00:00","breadcrumb":{"@id":"https:\/\/leo-foundation.org\/da\/whistleblower\/#breadcrumb"},"inLanguage":"da-DK","potentialAction":[{"@type":"ReadAction","target":["https:\/\/leo-foundation.org\/da\/whistleblower\/"]}]},{"@type":"BreadcrumbList","@id":"https:\/\/leo-foundation.org\/da\/whistleblower\/#breadcrumb","itemListElement":[{"@type":"ListItem","position":1,"name":"Forside","item":"https:\/\/leo-foundation.org\/da\/"},{"@type":"ListItem","position":2,"name":"Whistleblower"}]},{"@type":"WebSite","@id":"https:\/\/leo-foundation.org\/da\/#website","url":"https:\/\/leo-foundation.org\/da\/","name":"LEO Fondet","description":"Endnu en WordPress-blog","potentialAction":[{"@type":"SearchAction","target":{"@type":"EntryPoint","urlTemplate":"https:\/\/leo-foundation.org\/da\/?s={search_term_string}"},"query-input":{"@type":"PropertyValueSpecification","valueRequired":true,"valueName":"search_term_string"}}],"inLanguage":"da-DK"}]}},"distributor_meta":false,"distributor_terms":false,"distributor_media":false,"distributor_original_site_name":"LEO Fondet","distributor_original_site_url":"https:\/\/leo-foundation.org\/da","push-errors":false,"_links":{"self":[{"href":"https:\/\/leo-foundation.org\/da\/wp-json\/wp\/v2\/pages\/3318","targetHints":{"allow":["GET"]}}],"collection":[{"href":"https:\/\/leo-foundation.org\/da\/wp-json\/wp\/v2\/pages"}],"about":[{"href":"https:\/\/leo-foundation.org\/da\/wp-json\/wp\/v2\/types\/page"}],"author":[{"embeddable":true,"href":"https:\/\/leo-foundation.org\/da\/wp-json\/wp\/v2\/users\/4"}],"replies":[{"embeddable":true,"href":"https:\/\/leo-foundation.org\/da\/wp-json\/wp\/v2\/comments?post=3318"}],"version-history":[{"count":8,"href":"https:\/\/leo-foundation.org\/da\/wp-json\/wp\/v2\/pages\/3318\/revisions"}],"predecessor-version":[{"id":5789,"href":"https:\/\/leo-foundation.org\/da\/wp-json\/wp\/v2\/pages\/3318\/revisions\/5789"}],"wp:attachment":[{"href":"https:\/\/leo-foundation.org\/da\/wp-json\/wp\/v2\/media?parent=3318"}],"curies":[{"name":"wp","href":"https:\/\/api.w.org\/{rel}","templated":true}]}}