{"id":306,"date":"2020-09-14T12:13:34","date_gmt":"2020-09-14T10:13:34","guid":{"rendered":"https:\/\/leo-foundation.org\/da\/?page_id=306"},"modified":"2026-03-23T09:25:29","modified_gmt":"2026-03-23T08:25:29","slug":"bevillinger-og-priser","status":"publish","type":"page","link":"https:\/\/leo-foundation.org\/da\/bevillinger-og-priser\/","title":{"rendered":"Bevillinger og priser"},"content":{"rendered":"\n<div class=\"wp-block-group alignfull is-style-default has-primary-snow-background-color has-background\"><div class=\"wp-block-group__inner-container is-layout-flow wp-block-group-is-layout-flow\"><div class=\"text-cols text-cols-columns-1 text-cols align\" data-block_bb51ca20bc352f006ce38404498e148c>\n  \n\n<div class=\"wp-block-columns is-style-default is-layout-flex wp-container-core-columns-is-layout-9d6595d7 wp-block-columns-is-layout-flex\">\n<div class=\"wp-block-column is-layout-flow wp-block-column-is-layout-flow\">\n<h1 class=\"wp-block-heading\">Huden er menneskets st\u00f8rste organ<\/h1>\n<\/div>\n<\/div>\n\n\n\n<div class=\"wp-block-columns is-layout-flex wp-container-core-columns-is-layout-9d6595d7 wp-block-columns-is-layout-flex\">\n<div class=\"wp-block-column is-layout-flow wp-block-column-is-layout-flow\"><div class=\"text-cols text-cols-columns-1 text-cols align\" data-block_bb51ca20bc352f006ce38404498e148c>\n  \n\n<p><strong>Vi baner vejen for at kurere hudsygdomme ved at katalysere fremragende forskning, der skaber nye opdagelser og transformerer vores forst\u00e5else af huden og dens sygdomme.<\/strong><\/p>\n\n\n\n<p>Huden er med sine to kvadratmeter og mange funktioner et vitalt organ for kroppen. Den fungerer som forsvarsv\u00e6rk mod alt fra infektioner til sol og kulde. Men hvad sker der i huden, n\u00e5r for eksempel eksem, allergi og psoriasis opst\u00e5r? Hudsygdomme er blandt de mest almindelige sundhedslidelser og rammer omkring hver tredje af os. Vi er blevet v\u00e6sentlig bedre til at behandle de omkring 1.500 hudsygdomme, der findes, men mange patienter mangler stadig effektiv behandling<\/p>\n\n\n\n<p>Der er behov for meget mere forskning for at sikre bedre diagnoser og behandlinger og i bedste fald en kur til de millioner af mennesker, der lever med en hudsygdom.<\/p>\n\n\n\n<p>LEO Fondets uddelinger g\u00e5r prim\u00e6rt til forskning i ind- og udland, der styrker viden om huden, herunder de medicinske, biologiske, kemiske og farmakologiske mekanismer, der indg\u00e5r i hudsygdomme. <\/p>\n\n\n<\/div>\n\n<style type=\"text\/css\">\n  [data-block_bb51ca20bc352f006ce38404498e148c] p {\n    column-count: 1;\n    column-gap: 30px;\n  }\n<\/style>\n<\/div>\n\n\n\n<div class=\"wp-block-column is-layout-flow wp-block-column-is-layout-flow\"><div class=\"text-cols text-cols-columns-1 text-cols align\" data-block_bb51ca20bc352f006ce38404498e148c>\n  \n\n<p>Vi st\u00f8tter ogs\u00e5 forskning om kliniske problemer hos mennesker, der har risiko for at udvikle eller har udviklet en hudsygdom. Det kan fx v\u00e6re, hvordan hudsygdomme p\u00e5virker livskvaliteten eller de samfundsm\u00e6ssige omkostninger.<\/p>\n\n\n\n<p>Derudover st\u00f8tter vi initiativer omkring forskningen, herunder uddannelses- og formidlingsaktiviteter, der skaber et st\u00e6rkt udgangspunkt for fremtidens forskningsmilj\u00f8er og styrker f\u00f8dek\u00e6den af forskere, der er optaget af naturvidenskab.<\/p>\n\n\n<\/div>\n\n<style type=\"text\/css\">\n  [data-block_bb51ca20bc352f006ce38404498e148c] p {\n    column-count: 1;\n    column-gap: 30px;\n  }\n<\/style>\n<\/div>\n<\/div>\n\n\n\n<div class=\"wp-block-buttons is-layout-flex wp-block-buttons-is-layout-flex\">\n<div class=\"wp-block-button\"><a class=\"wp-block-button__link has-primary-coal-color has-primary-peach-background-color has-text-color has-background wp-element-button\" href=\"https:\/\/leo-foundation.org\/da\/det-har-vi-stoettet\/\">Det har vi st\u00f8ttet<\/a><\/div>\n<\/div>\n\n\n<\/div>\n\n<style type=\"text\/css\">\n  [data-block_bb51ca20bc352f006ce38404498e148c] p {\n    column-count: 1;\n    column-gap: 30px;\n  }\n<\/style>\n<\/div><\/div>\n","protected":false},"excerpt":{"rendered":"","protected":false},"author":4,"featured_media":8,"parent":0,"menu_order":7,"comment_status":"closed","ping_status":"closed","template":"views\/template-page-grant-awards.blade.php","meta":{"_acf_changed":false,"inline_featured_image":false,"footnotes":""},"class_list":["post-306","page","type-page","status-publish","has-post-thumbnail","hentry"],"acf":[],"yoast_head":"<!-- This site is optimized with the Yoast SEO plugin v27.3 - https:\/\/yoast.com\/product\/yoast-seo-wordpress\/ -->\n<title>Bevillinger og priser - LEO Fondet<\/title>\n<meta name=\"robots\" content=\"index, follow, max-snippet:-1, max-image-preview:large, max-video-preview:-1\" \/>\n<link rel=\"canonical\" href=\"https:\/\/leo-foundation.org\/da\/bevillinger-og-priser\/\" \/>\n<meta property=\"og:locale\" content=\"da_DK\" \/>\n<meta property=\"og:type\" content=\"article\" \/>\n<meta property=\"og:title\" content=\"Bevillinger og priser - LEO Fondet\" \/>\n<meta property=\"og:url\" content=\"https:\/\/leo-foundation.org\/da\/bevillinger-og-priser\/\" \/>\n<meta property=\"og:site_name\" content=\"LEO Fondet\" \/>\n<meta property=\"article:modified_time\" content=\"2026-03-23T08:25:29+00:00\" \/>\n<meta property=\"og:image\" content=\"https:\/\/leo-foundation.org\/da\/wp-content\/uploads\/2020\/08\/abbie-bernet-251310-unsplash.jpg\" \/>\n\t<meta property=\"og:image:width\" content=\"640\" \/>\n\t<meta property=\"og:image:height\" content=\"320\" \/>\n\t<meta property=\"og:image:type\" content=\"image\/jpeg\" \/>\n<meta name=\"twitter:card\" content=\"summary_large_image\" \/>\n<meta name=\"twitter:label1\" content=\"Estimeret l\u00e6setid\" \/>\n\t<meta name=\"twitter:data1\" content=\"4 minutter\" \/>\n<script type=\"application\/ld+json\" class=\"yoast-schema-graph\">{\"@context\":\"https:\\\/\\\/schema.org\",\"@graph\":[{\"@type\":\"WebPage\",\"@id\":\"https:\\\/\\\/leo-foundation.org\\\/da\\\/bevillinger-og-priser\\\/\",\"url\":\"https:\\\/\\\/leo-foundation.org\\\/da\\\/bevillinger-og-priser\\\/\",\"name\":\"Bevillinger og priser - LEO Fondet\",\"isPartOf\":{\"@id\":\"https:\\\/\\\/leo-foundation.org\\\/da\\\/#website\"},\"primaryImageOfPage\":{\"@id\":\"https:\\\/\\\/leo-foundation.org\\\/da\\\/bevillinger-og-priser\\\/#primaryimage\"},\"image\":{\"@id\":\"https:\\\/\\\/leo-foundation.org\\\/da\\\/bevillinger-og-priser\\\/#primaryimage\"},\"thumbnailUrl\":\"https:\\\/\\\/leo-foundation.org\\\/da\\\/wp-content\\\/uploads\\\/2020\\\/08\\\/abbie-bernet-251310-unsplash.jpg\",\"datePublished\":\"2020-09-14T10:13:34+00:00\",\"dateModified\":\"2026-03-23T08:25:29+00:00\",\"breadcrumb\":{\"@id\":\"https:\\\/\\\/leo-foundation.org\\\/da\\\/bevillinger-og-priser\\\/#breadcrumb\"},\"inLanguage\":\"da-DK\",\"potentialAction\":[{\"@type\":\"ReadAction\",\"target\":[\"https:\\\/\\\/leo-foundation.org\\\/da\\\/bevillinger-og-priser\\\/\"]}]},{\"@type\":\"ImageObject\",\"inLanguage\":\"da-DK\",\"@id\":\"https:\\\/\\\/leo-foundation.org\\\/da\\\/bevillinger-og-priser\\\/#primaryimage\",\"url\":\"https:\\\/\\\/leo-foundation.org\\\/da\\\/wp-content\\\/uploads\\\/2020\\\/08\\\/abbie-bernet-251310-unsplash.jpg\",\"contentUrl\":\"https:\\\/\\\/leo-foundation.org\\\/da\\\/wp-content\\\/uploads\\\/2020\\\/08\\\/abbie-bernet-251310-unsplash.jpg\",\"width\":640,\"height\":320},{\"@type\":\"BreadcrumbList\",\"@id\":\"https:\\\/\\\/leo-foundation.org\\\/da\\\/bevillinger-og-priser\\\/#breadcrumb\",\"itemListElement\":[{\"@type\":\"ListItem\",\"position\":1,\"name\":\"Forside\",\"item\":\"https:\\\/\\\/leo-foundation.org\\\/da\\\/\"},{\"@type\":\"ListItem\",\"position\":2,\"name\":\"Bevillinger og priser\"}]},{\"@type\":\"WebSite\",\"@id\":\"https:\\\/\\\/leo-foundation.org\\\/da\\\/#website\",\"url\":\"https:\\\/\\\/leo-foundation.org\\\/da\\\/\",\"name\":\"LEO Fondet\",\"description\":\"Endnu en WordPress-blog\",\"potentialAction\":[{\"@type\":\"SearchAction\",\"target\":{\"@type\":\"EntryPoint\",\"urlTemplate\":\"https:\\\/\\\/leo-foundation.org\\\/da\\\/?s={search_term_string}\"},\"query-input\":{\"@type\":\"PropertyValueSpecification\",\"valueRequired\":true,\"valueName\":\"search_term_string\"}}],\"inLanguage\":\"da-DK\"}]}<\/script>\n<!-- \/ Yoast SEO plugin. -->","yoast_head_json":{"title":"Bevillinger og priser - LEO Fondet","robots":{"index":"index","follow":"follow","max-snippet":"max-snippet:-1","max-image-preview":"max-image-preview:large","max-video-preview":"max-video-preview:-1"},"canonical":"https:\/\/leo-foundation.org\/da\/bevillinger-og-priser\/","og_locale":"da_DK","og_type":"article","og_title":"Bevillinger og priser - LEO Fondet","og_url":"https:\/\/leo-foundation.org\/da\/bevillinger-og-priser\/","og_site_name":"LEO Fondet","article_modified_time":"2026-03-23T08:25:29+00:00","og_image":[{"width":640,"height":320,"url":"https:\/\/leo-foundation.org\/da\/wp-content\/uploads\/2020\/08\/abbie-bernet-251310-unsplash.jpg","type":"image\/jpeg"}],"twitter_card":"summary_large_image","twitter_misc":{"Estimeret l\u00e6setid":"4 minutter"},"schema":{"@context":"https:\/\/schema.org","@graph":[{"@type":"WebPage","@id":"https:\/\/leo-foundation.org\/da\/bevillinger-og-priser\/","url":"https:\/\/leo-foundation.org\/da\/bevillinger-og-priser\/","name":"Bevillinger og priser - LEO Fondet","isPartOf":{"@id":"https:\/\/leo-foundation.org\/da\/#website"},"primaryImageOfPage":{"@id":"https:\/\/leo-foundation.org\/da\/bevillinger-og-priser\/#primaryimage"},"image":{"@id":"https:\/\/leo-foundation.org\/da\/bevillinger-og-priser\/#primaryimage"},"thumbnailUrl":"https:\/\/leo-foundation.org\/da\/wp-content\/uploads\/2020\/08\/abbie-bernet-251310-unsplash.jpg","datePublished":"2020-09-14T10:13:34+00:00","dateModified":"2026-03-23T08:25:29+00:00","breadcrumb":{"@id":"https:\/\/leo-foundation.org\/da\/bevillinger-og-priser\/#breadcrumb"},"inLanguage":"da-DK","potentialAction":[{"@type":"ReadAction","target":["https:\/\/leo-foundation.org\/da\/bevillinger-og-priser\/"]}]},{"@type":"ImageObject","inLanguage":"da-DK","@id":"https:\/\/leo-foundation.org\/da\/bevillinger-og-priser\/#primaryimage","url":"https:\/\/leo-foundation.org\/da\/wp-content\/uploads\/2020\/08\/abbie-bernet-251310-unsplash.jpg","contentUrl":"https:\/\/leo-foundation.org\/da\/wp-content\/uploads\/2020\/08\/abbie-bernet-251310-unsplash.jpg","width":640,"height":320},{"@type":"BreadcrumbList","@id":"https:\/\/leo-foundation.org\/da\/bevillinger-og-priser\/#breadcrumb","itemListElement":[{"@type":"ListItem","position":1,"name":"Forside","item":"https:\/\/leo-foundation.org\/da\/"},{"@type":"ListItem","position":2,"name":"Bevillinger og priser"}]},{"@type":"WebSite","@id":"https:\/\/leo-foundation.org\/da\/#website","url":"https:\/\/leo-foundation.org\/da\/","name":"LEO Fondet","description":"Endnu en WordPress-blog","potentialAction":[{"@type":"SearchAction","target":{"@type":"EntryPoint","urlTemplate":"https:\/\/leo-foundation.org\/da\/?s={search_term_string}"},"query-input":{"@type":"PropertyValueSpecification","valueRequired":true,"valueName":"search_term_string"}}],"inLanguage":"da-DK"}]}},"distributor_meta":false,"distributor_terms":false,"distributor_media":false,"distributor_original_site_name":"LEO Fondet","distributor_original_site_url":"https:\/\/leo-foundation.org\/da","push-errors":false,"_links":{"self":[{"href":"https:\/\/leo-foundation.org\/da\/wp-json\/wp\/v2\/pages\/306","targetHints":{"allow":["GET"]}}],"collection":[{"href":"https:\/\/leo-foundation.org\/da\/wp-json\/wp\/v2\/pages"}],"about":[{"href":"https:\/\/leo-foundation.org\/da\/wp-json\/wp\/v2\/types\/page"}],"author":[{"embeddable":true,"href":"https:\/\/leo-foundation.org\/da\/wp-json\/wp\/v2\/users\/4"}],"replies":[{"embeddable":true,"href":"https:\/\/leo-foundation.org\/da\/wp-json\/wp\/v2\/comments?post=306"}],"version-history":[{"count":10,"href":"https:\/\/leo-foundation.org\/da\/wp-json\/wp\/v2\/pages\/306\/revisions"}],"predecessor-version":[{"id":7176,"href":"https:\/\/leo-foundation.org\/da\/wp-json\/wp\/v2\/pages\/306\/revisions\/7176"}],"wp:featuredmedia":[{"embeddable":true,"href":"https:\/\/leo-foundation.org\/da\/wp-json\/wp\/v2\/media\/8"}],"wp:attachment":[{"href":"https:\/\/leo-foundation.org\/da\/wp-json\/wp\/v2\/media?parent=306"}],"curies":[{"name":"wp","href":"https:\/\/api.w.org\/{rel}","templated":true}]}}